{"id":28,"date":"2018-10-12T11:07:01","date_gmt":"2018-10-12T11:07:01","guid":{"rendered":"http:\/\/www.kalayci.av.tr\/?page_id=28"},"modified":"2018-10-12T13:17:30","modified_gmt":"2018-10-12T13:17:30","slug":"duyurular-ve-mevzuat","status":"publish","type":"page","link":"https:\/\/www.kalayci.av.tr\/tr\/duyurular-ve-mevzuat\/","title":{"rendered":"Duyurular ve Mevzuat"},"content":{"rendered":"<div id=\"pl-28\"  class=\"panel-layout\" ><div id=\"pg-28-0\"  class=\"panel-grid panel-no-style\" ><div id=\"pgc-28-0-0\"  class=\"panel-grid-cell\" ><div id=\"panel-28-0-0-0\" class=\"so-panel widget widget_sow-headline panel-first-child panel-last-child\" data-index=\"0\" ><div\n\t\t\t\n\t\t\tclass=\"so-widget-sow-headline so-widget-sow-headline-default-ba58c3c875fe-28\"\n\t\t\t\n\t\t><div class=\"sow-headline-container \">\n\t\t\t\t\t\t\t<h1 class=\"sow-headline\">\n\t\t\t\t\t\tDUYURULAR\t\t\t\t\t\t<\/h1>\n\t\t\t\t\t\t\t\t\t\t\t<div class=\"decoration\">\n\t\t\t\t\t\t<div class=\"decoration-inside\"><\/div>\n\t\t\t\t\t<\/div>\n\t\t\t\t\t<\/div>\n<\/div><\/div><\/div><\/div><div id=\"pg-28-1\"  class=\"panel-grid panel-no-style\" ><div id=\"pgc-28-1-0\"  class=\"panel-grid-cell\" ><div id=\"panel-28-1-0-0\" class=\"so-panel widget widget_sow-editor panel-first-child panel-last-child\" data-index=\"1\" ><div\n\t\t\t\n\t\t\tclass=\"so-widget-sow-editor so-widget-sow-editor-base\"\n\t\t\t\n\t\t><h3 class=\"widget-title\">ANAYASA MAHKEMES\u0130\u2019NE B\u0130REYSEL BA\u015eVURU<\/h3>\n<div class=\"siteorigin-widget-tinymce textwidget\">\n\t<p>Bireysel Ba\u015fvuru; temel hak ve \u00f6zg\u00fcrl\u00fckleri; kamu g\u00fcc\u00fcn\u00fcn i\u015flem, eylem ya da ihmali nedeniyle ihlal edilen bireylerin, di\u011fer ba\u015fvuru yollar\u0131n\u0131 t\u00fckettikten sonra ba\u015fvurduklar\u0131 ikincil nitelikte bir hak arama yolu olarak tan\u0131mlanmaktad\u0131r.<\/p>\n<p>Ki\u015filer, Anayasa\u2019da g\u00fcvence alt\u0131na al\u0131nm\u0131\u015f temel hak ve \u00f6zg\u00fcrl\u00fcklerinden Avrupa \u0130nsan Haklar\u0131 S\u00f6zle\u015fmesi kapsam\u0131ndaki birinin ihlal edilmesi halinde, Anayasa Mahkemesine bireysel ba\u015fvuru yapabilirlecektir. Ayr\u0131nt\u0131l\u0131 bilgilere: <a href=\"http:\/\/www.anayasa.gov.tr\">www.anayasa.gov.tr<\/a> adresinden ula\u015fabilirsiniz.<\/p>\n<\/div>\n<\/div><\/div><\/div><div id=\"pgc-28-1-1\"  class=\"panel-grid-cell\" ><div id=\"panel-28-1-1-0\" class=\"so-panel widget widget_sow-image panel-first-child panel-last-child\" data-index=\"2\" ><div\n\t\t\t\n\t\t\tclass=\"so-widget-sow-image so-widget-sow-image-default-8b5b6f678277-28\"\n\t\t\t\n\t\t>\n<div class=\"sow-image-container\">\n\t\t<img \n\tsrc=\"https:\/\/www.kalayci.av.tr\/tr\/wp-content\/uploads\/2018\/10\/slide-bg.jpg\" width=\"2992\" height=\"1571\" srcset=\"https:\/\/www.kalayci.av.tr\/tr\/wp-content\/uploads\/2018\/10\/slide-bg.jpg 2992w, https:\/\/www.kalayci.av.tr\/tr\/wp-content\/uploads\/2018\/10\/slide-bg-300x158.jpg 300w, https:\/\/www.kalayci.av.tr\/tr\/wp-content\/uploads\/2018\/10\/slide-bg-768x403.jpg 768w, https:\/\/www.kalayci.av.tr\/tr\/wp-content\/uploads\/2018\/10\/slide-bg-1024x538.jpg 1024w\" sizes=\"(max-width: 2992px) 100vw, 2992px\" alt=\"\" loading=\"lazy\" \t\tclass=\"so-widget-image\"\/>\n\t<\/div>\n\n<\/div><\/div><\/div><\/div><div id=\"pg-28-2\"  class=\"panel-grid panel-no-style\" ><div id=\"pgc-28-2-0\"  class=\"panel-grid-cell\" ><div id=\"panel-28-2-0-0\" class=\"so-panel widget widget_sow-accordion panel-first-child panel-last-child\" data-index=\"3\" ><div\n\t\t\t\n\t\t\tclass=\"so-widget-sow-accordion so-widget-sow-accordion-default-99be652ed941-28\"\n\t\t\t\n\t\t><h3 class=\"widget-title\">Mevzuat<\/h3><div>\n\t<div class=\"sow-accordion\">\n\t\t\t<div class=\"sow-accordion-panel\n\t\t sow-accordion-panel-open\t\t\t\"\n\t\t\t\tdata-anchor-id=\"turkiye-cumhuriyeti-anayasasi\">\n\t\t\t\t\t<div class=\"sow-accordion-panel-header-container\" role=\"heading\" aria-level=\"2\">\n\t\t\t\t\t<div class=\"sow-accordion-panel-header\" tabindex=\"0\" role=\"button\" id=\"accordion-label-%c2%bb-t%c3%bcrkiye-cumhuriyeti-anayasas%c4%b1\" aria-controls=\"accordion-content-%c2%bb-t%c3%bcrkiye-cumhuriyeti-anayasas%c4%b1\" aria-expanded=\"true\">\n\t\t\t\t\t\t<div class=\"sow-accordion-title sow-accordion-title-icon-left\">\n\t\t\t\t\t\t\t\t\t\t\t\t\t\t\u00bb T\u00fcrkiye Cumhuriyeti Anayasas\u0131\t\t\t\t\t\t\t\t\t\t\t\t\t<\/div>\n\t\t\t\t\t\t<div class=\"sow-accordion-open-close-button\">\n\t\t\t\t\t\t\t<div class=\"sow-accordion-open-button\">\n\t\t\t\t\t\t\t\t<span class=\"sow-icon-ionicons\" data-sow-icon=\"&#xf218;\"\n\t\t \n\t\taria-hidden=\"true\"><\/span>\t\t\t\t\t\t\t<\/div>\n\t\t\t\t\t\t\t<div class=\"sow-accordion-close-button\">\n\t\t\t\t\t\t\t\t<span class=\"sow-icon-ionicons\" data-sow-icon=\"&#xf209;\"\n\t\t \n\t\taria-hidden=\"true\"><\/span>\t\t\t\t\t\t\t<\/div>\n\t\t\t\t\t\t<\/div>\n\t\t\t\t\t<\/div>\n\t\t\t\t<\/div>\n\n\t\t\t<div\n\t\t\t\tclass=\"sow-accordion-panel-content\"\n\t\t\t\trole=\"region\"\n\t\t\t\taria-labelledby=\"accordion-label-%c2%bb-t%c3%bcrkiye-cumhuriyeti-anayasas%c4%b1\"\n\t\t\t\tid=\"accordion-content-%c2%bb-t%c3%bcrkiye-cumhuriyeti-anayasas%c4%b1\"\n\t\t\t\t\t\t\t>\n\t\t\t\t<div class=\"sow-accordion-panel-border\">\n\t\t\t\t\t<p><a href=\"http:\/\/www.tbmm.gov.tr\/anayasa.html\">http:\/\/www.tbmm.gov.tr\/anayasa.html<\/a><\/p>\n\t\t\t\t<\/div>\n\t\t\t<\/div>\n\t\t<\/div>\n\t\t\t<div class=\"sow-accordion-panel\n\t\t\t\t\t\"\n\t\t\t\tdata-anchor-id=\"6102-sayili-turk-ticaret-kanunu\">\n\t\t\t\t\t<div class=\"sow-accordion-panel-header-container\" role=\"heading\" aria-level=\"2\">\n\t\t\t\t\t<div class=\"sow-accordion-panel-header\" tabindex=\"0\" role=\"button\" id=\"accordion-label-%c2%bb-6102-say%c4%b1l%c4%b1-t%c3%bcrk-ticaret-kanunu\" aria-controls=\"accordion-content-%c2%bb-6102-say%c4%b1l%c4%b1-t%c3%bcrk-ticaret-kanunu\" aria-expanded=\"false\">\n\t\t\t\t\t\t<div class=\"sow-accordion-title sow-accordion-title-icon-left\">\n\t\t\t\t\t\t\t\t\t\t\t\t\t\t  \u00bb 6102 say\u0131l\u0131 T\u00fcrk Ticaret Kanunu\t\t\t\t\t\t\t\t\t\t\t\t\t<\/div>\n\t\t\t\t\t\t<div class=\"sow-accordion-open-close-button\">\n\t\t\t\t\t\t\t<div class=\"sow-accordion-open-button\">\n\t\t\t\t\t\t\t\t<span class=\"sow-icon-ionicons\" data-sow-icon=\"&#xf218;\"\n\t\t \n\t\taria-hidden=\"true\"><\/span>\t\t\t\t\t\t\t<\/div>\n\t\t\t\t\t\t\t<div class=\"sow-accordion-close-button\">\n\t\t\t\t\t\t\t\t<span class=\"sow-icon-ionicons\" data-sow-icon=\"&#xf209;\"\n\t\t \n\t\taria-hidden=\"true\"><\/span>\t\t\t\t\t\t\t<\/div>\n\t\t\t\t\t\t<\/div>\n\t\t\t\t\t<\/div>\n\t\t\t\t<\/div>\n\n\t\t\t<div\n\t\t\t\tclass=\"sow-accordion-panel-content\"\n\t\t\t\trole=\"region\"\n\t\t\t\taria-labelledby=\"accordion-label-%c2%bb-6102-say%c4%b1l%c4%b1-t%c3%bcrk-ticaret-kanunu\"\n\t\t\t\tid=\"accordion-content-%c2%bb-6102-say%c4%b1l%c4%b1-t%c3%bcrk-ticaret-kanunu\"\n\t\t\t\tstyle=\"display: none;\"\t\t\t>\n\t\t\t\t<div class=\"sow-accordion-panel-border\">\n\t\t\t\t\t<p><a href=\"http:\/\/www.tbmm.gov.tr\/kanunlar\/k6102.html\">http:\/\/www.tbmm.gov.tr\/kanunlar\/k6102.html<\/a><\/p>\n\t\t\t\t<\/div>\n\t\t\t<\/div>\n\t\t<\/div>\n\t\t\t<div class=\"sow-accordion-panel\n\t\t\t\t\t\"\n\t\t\t\tdata-anchor-id=\"6098-sayili-turk-borclar-kanunu\">\n\t\t\t\t\t<div class=\"sow-accordion-panel-header-container\" role=\"heading\" aria-level=\"2\">\n\t\t\t\t\t<div class=\"sow-accordion-panel-header\" tabindex=\"0\" role=\"button\" id=\"accordion-label-%c2%bb-6098-say%c4%b1l%c4%b1-t%c3%bcrk-bor%c3%a7lar-kanunu\" aria-controls=\"accordion-content-%c2%bb-6098-say%c4%b1l%c4%b1-t%c3%bcrk-bor%c3%a7lar-kanunu\" aria-expanded=\"false\">\n\t\t\t\t\t\t<div class=\"sow-accordion-title sow-accordion-title-icon-left\">\n\t\t\t\t\t\t\t\t\t\t\t\t\t\t\u00bb 6098 say\u0131l\u0131 T\u00fcrk Bor\u00e7lar Kanunu\t\t\t\t\t\t\t\t\t\t\t\t\t<\/div>\n\t\t\t\t\t\t<div class=\"sow-accordion-open-close-button\">\n\t\t\t\t\t\t\t<div class=\"sow-accordion-open-button\">\n\t\t\t\t\t\t\t\t<span class=\"sow-icon-ionicons\" data-sow-icon=\"&#xf218;\"\n\t\t \n\t\taria-hidden=\"true\"><\/span>\t\t\t\t\t\t\t<\/div>\n\t\t\t\t\t\t\t<div class=\"sow-accordion-close-button\">\n\t\t\t\t\t\t\t\t<span class=\"sow-icon-ionicons\" data-sow-icon=\"&#xf209;\"\n\t\t \n\t\taria-hidden=\"true\"><\/span>\t\t\t\t\t\t\t<\/div>\n\t\t\t\t\t\t<\/div>\n\t\t\t\t\t<\/div>\n\t\t\t\t<\/div>\n\n\t\t\t<div\n\t\t\t\tclass=\"sow-accordion-panel-content\"\n\t\t\t\trole=\"region\"\n\t\t\t\taria-labelledby=\"accordion-label-%c2%bb-6098-say%c4%b1l%c4%b1-t%c3%bcrk-bor%c3%a7lar-kanunu\"\n\t\t\t\tid=\"accordion-content-%c2%bb-6098-say%c4%b1l%c4%b1-t%c3%bcrk-bor%c3%a7lar-kanunu\"\n\t\t\t\tstyle=\"display: none;\"\t\t\t>\n\t\t\t\t<div class=\"sow-accordion-panel-border\">\n\t\t\t\t\t<p><a href=\"http:\/\/www.resmigazete.gov.tr\/eskiler\/2011\/02\/20110204-1.html\">http:\/\/www.resmigazete.gov.tr\/eskiler\/2011\/02\/20110204-1.html<\/a><\/p>\n\t\t\t\t<\/div>\n\t\t\t<\/div>\n\t\t<\/div>\n\t\t<\/div>\n<\/div>\n<\/div><\/div><\/div><div id=\"pgc-28-2-1\"  class=\"panel-grid-cell\" ><div id=\"panel-28-2-1-0\" class=\"so-panel widget widget_sow-accordion panel-first-child panel-last-child\" data-index=\"4\" ><div\n\t\t\t\n\t\t\tclass=\"so-widget-sow-accordion so-widget-sow-accordion-default-99be652ed941-28\"\n\t\t\t\n\t\t><h3 class=\"widget-title\">____________________________________<\/h3><div>\n\t<div class=\"sow-accordion\">\n\t\t\t<div class=\"sow-accordion-panel\n\t\t sow-accordion-panel-open\t\t\t\"\n\t\t\t\tdata-anchor-id=\"4857-sayili-is-kanunu\">\n\t\t\t\t\t<div class=\"sow-accordion-panel-header-container\" role=\"heading\" aria-level=\"2\">\n\t\t\t\t\t<div class=\"sow-accordion-panel-header\" tabindex=\"0\" role=\"button\" id=\"accordion-label-%c2%bb-4857-say%c4%b1l%c4%b1-i%cc%87%c5%9f-kanunu\" aria-controls=\"accordion-content-%c2%bb-4857-say%c4%b1l%c4%b1-i%cc%87%c5%9f-kanunu\" aria-expanded=\"true\">\n\t\t\t\t\t\t<div class=\"sow-accordion-title sow-accordion-title-icon-left\">\n\t\t\t\t\t\t\t\t\t\t\t\t\t\t\u00bb 4857 say\u0131l\u0131 \u0130\u015f Kanunu\t\t\t\t\t\t\t\t\t\t\t\t\t<\/div>\n\t\t\t\t\t\t<div class=\"sow-accordion-open-close-button\">\n\t\t\t\t\t\t\t<div class=\"sow-accordion-open-button\">\n\t\t\t\t\t\t\t\t<span class=\"sow-icon-ionicons\" data-sow-icon=\"&#xf218;\"\n\t\t \n\t\taria-hidden=\"true\"><\/span>\t\t\t\t\t\t\t<\/div>\n\t\t\t\t\t\t\t<div class=\"sow-accordion-close-button\">\n\t\t\t\t\t\t\t\t<span class=\"sow-icon-ionicons\" data-sow-icon=\"&#xf209;\"\n\t\t \n\t\taria-hidden=\"true\"><\/span>\t\t\t\t\t\t\t<\/div>\n\t\t\t\t\t\t<\/div>\n\t\t\t\t\t<\/div>\n\t\t\t\t<\/div>\n\n\t\t\t<div\n\t\t\t\tclass=\"sow-accordion-panel-content\"\n\t\t\t\trole=\"region\"\n\t\t\t\taria-labelledby=\"accordion-label-%c2%bb-4857-say%c4%b1l%c4%b1-i%cc%87%c5%9f-kanunu\"\n\t\t\t\tid=\"accordion-content-%c2%bb-4857-say%c4%b1l%c4%b1-i%cc%87%c5%9f-kanunu\"\n\t\t\t\t\t\t\t>\n\t\t\t\t<div class=\"sow-accordion-panel-border\">\n\t\t\t\t\t<p><a href=\"http:\/\/www.mevzuat.adalet.gov.tr\/html\/1243.html\">http:\/\/www.mevzuat.adalet.gov.tr\/html\/1243.html<\/a><\/p>\n\t\t\t\t<\/div>\n\t\t\t<\/div>\n\t\t<\/div>\n\t\t\t<div class=\"sow-accordion-panel\n\t\t\t\t\t\"\n\t\t\t\tdata-anchor-id=\"4458-sayili-gumruk-kanunu\">\n\t\t\t\t\t<div class=\"sow-accordion-panel-header-container\" role=\"heading\" aria-level=\"2\">\n\t\t\t\t\t<div class=\"sow-accordion-panel-header\" tabindex=\"0\" role=\"button\" id=\"accordion-label-%c2%bb-4458-say%c4%b1l%c4%b1-g%c3%bcmr%c3%bck-kanunu\" aria-controls=\"accordion-content-%c2%bb-4458-say%c4%b1l%c4%b1-g%c3%bcmr%c3%bck-kanunu\" aria-expanded=\"false\">\n\t\t\t\t\t\t<div class=\"sow-accordion-title sow-accordion-title-icon-left\">\n\t\t\t\t\t\t\t\t\t\t\t\t\t\t\u00bb 4458 say\u0131l\u0131 G\u00fcmr\u00fck Kanunu\t\t\t\t\t\t\t\t\t\t\t\t\t<\/div>\n\t\t\t\t\t\t<div class=\"sow-accordion-open-close-button\">\n\t\t\t\t\t\t\t<div class=\"sow-accordion-open-button\">\n\t\t\t\t\t\t\t\t<span class=\"sow-icon-ionicons\" data-sow-icon=\"&#xf218;\"\n\t\t \n\t\taria-hidden=\"true\"><\/span>\t\t\t\t\t\t\t<\/div>\n\t\t\t\t\t\t\t<div class=\"sow-accordion-close-button\">\n\t\t\t\t\t\t\t\t<span class=\"sow-icon-ionicons\" data-sow-icon=\"&#xf209;\"\n\t\t \n\t\taria-hidden=\"true\"><\/span>\t\t\t\t\t\t\t<\/div>\n\t\t\t\t\t\t<\/div>\n\t\t\t\t\t<\/div>\n\t\t\t\t<\/div>\n\n\t\t\t<div\n\t\t\t\tclass=\"sow-accordion-panel-content\"\n\t\t\t\trole=\"region\"\n\t\t\t\taria-labelledby=\"accordion-label-%c2%bb-4458-say%c4%b1l%c4%b1-g%c3%bcmr%c3%bck-kanunu\"\n\t\t\t\tid=\"accordion-content-%c2%bb-4458-say%c4%b1l%c4%b1-g%c3%bcmr%c3%bck-kanunu\"\n\t\t\t\tstyle=\"display: none;\"\t\t\t>\n\t\t\t\t<div class=\"sow-accordion-panel-border\">\n\t\t\t\t\t<p><a href=\"http:\/\/www.mevzuat.adalet.gov.tr\/html\/1103.html\">http:\/\/www.mevzuat.adalet.gov.tr\/html\/1103.html<\/a><\/p>\n\t\t\t\t<\/div>\n\t\t\t<\/div>\n\t\t<\/div>\n\t\t\t<div class=\"sow-accordion-panel\n\t\t\t\t\t\"\n\t\t\t\tdata-anchor-id=\"5237-sayili-turk-ceza-kanunu\">\n\t\t\t\t\t<div class=\"sow-accordion-panel-header-container\" role=\"heading\" aria-level=\"2\">\n\t\t\t\t\t<div class=\"sow-accordion-panel-header\" tabindex=\"0\" role=\"button\" id=\"accordion-label-%c2%bb-5237-say%c4%b1l%c4%b1-t%c3%bcrk-ceza-kanunu\" aria-controls=\"accordion-content-%c2%bb-5237-say%c4%b1l%c4%b1-t%c3%bcrk-ceza-kanunu\" aria-expanded=\"false\">\n\t\t\t\t\t\t<div class=\"sow-accordion-title sow-accordion-title-icon-left\">\n\t\t\t\t\t\t\t\t\t\t\t\t\t\t\u00bb 5237 say\u0131l\u0131 T\u00fcrk Ceza Kanunu\t\t\t\t\t\t\t\t\t\t\t\t\t<\/div>\n\t\t\t\t\t\t<div class=\"sow-accordion-open-close-button\">\n\t\t\t\t\t\t\t<div class=\"sow-accordion-open-button\">\n\t\t\t\t\t\t\t\t<span class=\"sow-icon-ionicons\" data-sow-icon=\"&#xf218;\"\n\t\t \n\t\taria-hidden=\"true\"><\/span>\t\t\t\t\t\t\t<\/div>\n\t\t\t\t\t\t\t<div class=\"sow-accordion-close-button\">\n\t\t\t\t\t\t\t\t<span class=\"sow-icon-ionicons\" data-sow-icon=\"&#xf209;\"\n\t\t \n\t\taria-hidden=\"true\"><\/span>\t\t\t\t\t\t\t<\/div>\n\t\t\t\t\t\t<\/div>\n\t\t\t\t\t<\/div>\n\t\t\t\t<\/div>\n\n\t\t\t<div\n\t\t\t\tclass=\"sow-accordion-panel-content\"\n\t\t\t\trole=\"region\"\n\t\t\t\taria-labelledby=\"accordion-label-%c2%bb-5237-say%c4%b1l%c4%b1-t%c3%bcrk-ceza-kanunu\"\n\t\t\t\tid=\"accordion-content-%c2%bb-5237-say%c4%b1l%c4%b1-t%c3%bcrk-ceza-kanunu\"\n\t\t\t\tstyle=\"display: none;\"\t\t\t>\n\t\t\t\t<div class=\"sow-accordion-panel-border\">\n\t\t\t\t\t<p><a href=\"http:\/\/www.tbmm.gov.tr\/kanunlar\/k5237.html\">http:\/\/www.tbmm.gov.tr\/kanunlar\/k5237.html<\/a><\/p>\n\t\t\t\t<\/div>\n\t\t\t<\/div>\n\t\t<\/div>\n\t\t<\/div>\n<\/div>\n<\/div><\/div><\/div><div id=\"pgc-28-2-2\"  class=\"panel-grid-cell\" ><div id=\"panel-28-2-2-0\" class=\"so-panel widget widget_sow-accordion panel-first-child panel-last-child\" data-index=\"5\" ><div\n\t\t\t\n\t\t\tclass=\"so-widget-sow-accordion so-widget-sow-accordion-default-99be652ed941-28\"\n\t\t\t\n\t\t><h3 class=\"widget-title\">______________________________<\/h3><div>\n\t<div class=\"sow-accordion\">\n\t\t\t<div class=\"sow-accordion-panel\n\t\t sow-accordion-panel-open\t\t\t\"\n\t\t\t\tdata-anchor-id=\"6100-sayili-hukuk-usulu-kanunu\">\n\t\t\t\t\t<div class=\"sow-accordion-panel-header-container\" role=\"heading\" aria-level=\"2\">\n\t\t\t\t\t<div class=\"sow-accordion-panel-header\" tabindex=\"0\" role=\"button\" id=\"accordion-label-%c2%bb-6100-say%c4%b1l%c4%b1-hukuk-usul%c3%bc-kanunu\" aria-controls=\"accordion-content-%c2%bb-6100-say%c4%b1l%c4%b1-hukuk-usul%c3%bc-kanunu\" aria-expanded=\"true\">\n\t\t\t\t\t\t<div class=\"sow-accordion-title sow-accordion-title-icon-left\">\n\t\t\t\t\t\t\t\t\t\t\t\t\t\t\u00bb 6100 say\u0131l\u0131 Hukuk Usul\u00fc Kanunu\t\t\t\t\t\t\t\t\t\t\t\t\t<\/div>\n\t\t\t\t\t\t<div class=\"sow-accordion-open-close-button\">\n\t\t\t\t\t\t\t<div class=\"sow-accordion-open-button\">\n\t\t\t\t\t\t\t\t<span class=\"sow-icon-ionicons\" data-sow-icon=\"&#xf218;\"\n\t\t \n\t\taria-hidden=\"true\"><\/span>\t\t\t\t\t\t\t<\/div>\n\t\t\t\t\t\t\t<div class=\"sow-accordion-close-button\">\n\t\t\t\t\t\t\t\t<span class=\"sow-icon-ionicons\" data-sow-icon=\"&#xf209;\"\n\t\t \n\t\taria-hidden=\"true\"><\/span>\t\t\t\t\t\t\t<\/div>\n\t\t\t\t\t\t<\/div>\n\t\t\t\t\t<\/div>\n\t\t\t\t<\/div>\n\n\t\t\t<div\n\t\t\t\tclass=\"sow-accordion-panel-content\"\n\t\t\t\trole=\"region\"\n\t\t\t\taria-labelledby=\"accordion-label-%c2%bb-6100-say%c4%b1l%c4%b1-hukuk-usul%c3%bc-kanunu\"\n\t\t\t\tid=\"accordion-content-%c2%bb-6100-say%c4%b1l%c4%b1-hukuk-usul%c3%bc-kanunu\"\n\t\t\t\t\t\t\t>\n\t\t\t\t<div class=\"sow-accordion-panel-border\">\n\t\t\t\t\t<p><a href=\"http:\/\/www.resmigazete.gov.tr\/eskiler\/2011\/02\/20110204-2.html\">http:\/\/www.resmigazete.gov.tr\/eskiler\/2011\/02\/20110204-2.html<\/a><\/p>\n\t\t\t\t<\/div>\n\t\t\t<\/div>\n\t\t<\/div>\n\t\t\t<div class=\"sow-accordion-panel\n\t\t\t\t\t\"\n\t\t\t\tdata-anchor-id=\"5271-sayili-ceza-muhakemesi-kanunu\">\n\t\t\t\t\t<div class=\"sow-accordion-panel-header-container\" role=\"heading\" aria-level=\"2\">\n\t\t\t\t\t<div class=\"sow-accordion-panel-header\" tabindex=\"0\" role=\"button\" id=\"accordion-label-%c2%bb-5271-say%c4%b1l%c4%b1-ceza-muhakemesi-kanunu\" aria-controls=\"accordion-content-%c2%bb-5271-say%c4%b1l%c4%b1-ceza-muhakemesi-kanunu\" aria-expanded=\"false\">\n\t\t\t\t\t\t<div class=\"sow-accordion-title sow-accordion-title-icon-left\">\n\t\t\t\t\t\t\t\t\t\t\t\t\t\t\u00bb 5271 say\u0131l\u0131 Ceza Muhakemesi Kanunu\t\t\t\t\t\t\t\t\t\t\t\t\t<\/div>\n\t\t\t\t\t\t<div class=\"sow-accordion-open-close-button\">\n\t\t\t\t\t\t\t<div class=\"sow-accordion-open-button\">\n\t\t\t\t\t\t\t\t<span class=\"sow-icon-ionicons\" data-sow-icon=\"&#xf218;\"\n\t\t \n\t\taria-hidden=\"true\"><\/span>\t\t\t\t\t\t\t<\/div>\n\t\t\t\t\t\t\t<div class=\"sow-accordion-close-button\">\n\t\t\t\t\t\t\t\t<span class=\"sow-icon-ionicons\" data-sow-icon=\"&#xf209;\"\n\t\t \n\t\taria-hidden=\"true\"><\/span>\t\t\t\t\t\t\t<\/div>\n\t\t\t\t\t\t<\/div>\n\t\t\t\t\t<\/div>\n\t\t\t\t<\/div>\n\n\t\t\t<div\n\t\t\t\tclass=\"sow-accordion-panel-content\"\n\t\t\t\trole=\"region\"\n\t\t\t\taria-labelledby=\"accordion-label-%c2%bb-5271-say%c4%b1l%c4%b1-ceza-muhakemesi-kanunu\"\n\t\t\t\tid=\"accordion-content-%c2%bb-5271-say%c4%b1l%c4%b1-ceza-muhakemesi-kanunu\"\n\t\t\t\tstyle=\"display: none;\"\t\t\t>\n\t\t\t\t<div class=\"sow-accordion-panel-border\">\n\t\t\t\t\t<p><a href=\"http:\/\/www.ceza-bb.adalet.gov.tr\/mevzuat\/5271.html\">http:\/\/www.ceza-bb.adalet.gov.tr\/mevzuat\/5271.html<\/a><\/p>\n\t\t\t\t<\/div>\n\t\t\t<\/div>\n\t\t<\/div>\n\t\t\t<div class=\"sow-accordion-panel\n\t\t\t\t\t\"\n\t\t\t\tdata-anchor-id=\"4721-sayili-turk-medeni-kanunu\">\n\t\t\t\t\t<div class=\"sow-accordion-panel-header-container\" role=\"heading\" aria-level=\"2\">\n\t\t\t\t\t<div class=\"sow-accordion-panel-header\" tabindex=\"0\" role=\"button\" id=\"accordion-label-%c2%bb-4721-say%c4%b1l%c4%b1-t%c3%bcrk-medeni-kanunu\" aria-controls=\"accordion-content-%c2%bb-4721-say%c4%b1l%c4%b1-t%c3%bcrk-medeni-kanunu\" aria-expanded=\"false\">\n\t\t\t\t\t\t<div class=\"sow-accordion-title sow-accordion-title-icon-left\">\n\t\t\t\t\t\t\t\t\t\t\t\t\t\t\u00bb 4721 say\u0131l\u0131 T\u00fcrk Medeni Kanunu\t\t\t\t\t\t\t\t\t\t\t\t\t<\/div>\n\t\t\t\t\t\t<div class=\"sow-accordion-open-close-button\">\n\t\t\t\t\t\t\t<div class=\"sow-accordion-open-button\">\n\t\t\t\t\t\t\t\t<span class=\"sow-icon-ionicons\" data-sow-icon=\"&#xf218;\"\n\t\t \n\t\taria-hidden=\"true\"><\/span>\t\t\t\t\t\t\t<\/div>\n\t\t\t\t\t\t\t<div class=\"sow-accordion-close-button\">\n\t\t\t\t\t\t\t\t<span class=\"sow-icon-ionicons\" data-sow-icon=\"&#xf209;\"\n\t\t \n\t\taria-hidden=\"true\"><\/span>\t\t\t\t\t\t\t<\/div>\n\t\t\t\t\t\t<\/div>\n\t\t\t\t\t<\/div>\n\t\t\t\t<\/div>\n\n\t\t\t<div\n\t\t\t\tclass=\"sow-accordion-panel-content\"\n\t\t\t\trole=\"region\"\n\t\t\t\taria-labelledby=\"accordion-label-%c2%bb-4721-say%c4%b1l%c4%b1-t%c3%bcrk-medeni-kanunu\"\n\t\t\t\tid=\"accordion-content-%c2%bb-4721-say%c4%b1l%c4%b1-t%c3%bcrk-medeni-kanunu\"\n\t\t\t\tstyle=\"display: none;\"\t\t\t>\n\t\t\t\t<div class=\"sow-accordion-panel-border\">\n\t\t\t\t\t<p><a href=\"http:\/\/www.tbmm.gov.tr\/kanunlar\/k4721.html\">http:\/\/www.tbmm.gov.tr\/kanunlar\/k4721.html<\/a><\/p>\n\t\t\t\t<\/div>\n\t\t\t<\/div>\n\t\t<\/div>\n\t\t<\/div>\n<\/div>\n<\/div><\/div><\/div><\/div><\/div>","protected":false},"excerpt":{"rendered":"<p>Bireysel Ba\u015fvuru; temel hak ve \u00f6zg\u00fcrl\u00fckleri; kamu g\u00fcc\u00fcn\u00fcn i\u015flem, eylem ya da ihmali nedeniyle ihlal edilen bireylerin, di\u011fer ba\u015fvuru yollar\u0131n\u0131 t\u00fckettikten sonra ba\u015fvurduklar\u0131 ikincil nitelikte bir hak arama yolu olarak tan\u0131mlanmaktad\u0131r. Ki\u015filer, Anayasa\u2019da g\u00fcvence alt\u0131na al\u0131nm\u0131\u015f temel hak ve \u00f6zg\u00fcrl\u00fcklerinden Avrupa \u0130nsan Haklar\u0131 S\u00f6zle\u015fmesi kapsam\u0131ndaki birinin ihlal edilmesi halinde, Anayasa Mahkemesine bireysel ba\u015fvuru yapabilirlecektir. Ayr\u0131nt\u0131l\u0131 [&hellip;]<\/p>\n","protected":false},"author":1,"featured_media":0,"parent":0,"menu_order":0,"comment_status":"closed","ping_status":"closed","template":"","meta":[],"_links":{"self":[{"href":"https:\/\/www.kalayci.av.tr\/tr\/wp-json\/wp\/v2\/pages\/28"}],"collection":[{"href":"https:\/\/www.kalayci.av.tr\/tr\/wp-json\/wp\/v2\/pages"}],"about":[{"href":"https:\/\/www.kalayci.av.tr\/tr\/wp-json\/wp\/v2\/types\/page"}],"author":[{"embeddable":true,"href":"https:\/\/www.kalayci.av.tr\/tr\/wp-json\/wp\/v2\/users\/1"}],"replies":[{"embeddable":true,"href":"https:\/\/www.kalayci.av.tr\/tr\/wp-json\/wp\/v2\/comments?post=28"}],"version-history":[{"count":34,"href":"https:\/\/www.kalayci.av.tr\/tr\/wp-json\/wp\/v2\/pages\/28\/revisions"}],"predecessor-version":[{"id":126,"href":"https:\/\/www.kalayci.av.tr\/tr\/wp-json\/wp\/v2\/pages\/28\/revisions\/126"}],"wp:attachment":[{"href":"https:\/\/www.kalayci.av.tr\/tr\/wp-json\/wp\/v2\/media?parent=28"}],"curies":[{"name":"wp","href":"https:\/\/api.w.org\/{rel}","templated":true}]}}